{"id":126,"date":"2015-04-11T00:30:51","date_gmt":"2015-04-10T23:30:51","guid":{"rendered":"http:\/\/www.cplusm.sk\/?page_id=126"},"modified":"2015-04-11T00:33:03","modified_gmt":"2015-04-10T23:33:03","slug":"dolezite-informacie","status":"publish","type":"page","link":"http:\/\/www.cplusm.sk\/?page_id=126","title":{"rendered":"D\u00f4le\u017eit\u00e9 Inform\u00e1cie"},"content":{"rendered":"<p style=\"text-align: center;\"><strong>Odobierka <\/strong><strong>15:00 &#8211; Pre\u0161ov\u0148a, hotel Sebastian, Modra<\/strong><\/p>\n<p>Pri odobierke by mali by\u0165 pr\u00edtomn\u00ed rodi\u010dia nevesty, rodi\u010dia a krstn\u00ed rodi\u010dia \u017een\u00edcha, samozrejme \u017een\u00edch, nevesta a starej\u0161\u00ed. Ostatn\u00ed rodinn\u00ed pr\u00edbuzn\u00ed sa m\u00f4\u017eu z\u00fa\u010dastni\u0165 odobierky s prihliadnut\u00edm na kapacitu miesta ;-).<\/p>\n<p style=\"text-align: center;\"><strong>Sob\u00e1\u0161 \u00a016:30 &#8211; Modr\u00fd kostol\u00edk, Bratislava<\/strong><\/p>\n<p>Pred sob\u00e1\u0161om by sa mali hostia zhroma\u017edi\u0165 v kostole. Po pravej strane smerom k olt\u00e1ru, by mala zauja\u0165 miesto rodina a svadobn\u00ed hostia zo \u017een\u00edchovej strany. Po \u013eavej strane smerom k olt\u00e1ru, by mala zauja\u0165 miesto rodina a svadobn\u00ed hostia nevesty.<\/p>\n<p>Svedkovia bud\u00fa sedie\u0165 vpredu po stran\u00e1ch (tzv. nult\u00e1 lavica) hne\u010f za \u017een\u00edchom a nevestou. Po pravej strane smerom k olt\u00e1ru sed\u00ed svedok \u017een\u00edcha a po \u013eavej strane smerom k olt\u00e1ru sed\u00ed svedok nevesty.<\/p>\n<p>Po sob\u00e1\u0161i m\u00f4\u017eu prebehn\u00fa\u0165 gratul\u00e1cie a spolo\u010dn\u00e1 fotografia pred Modr\u00fdm kostol\u00edkom a presun svadobn\u00fdch host\u00ed do hotela Sebastian v Modre.<\/p>\n<p style=\"text-align: center;\"><strong>Svadobn\u00e1 hostina 18:00 &#8211; Ve\u013ek\u00e1 s\u00e1la, hotel Sebastian, Modra &#8211; na po\u010d\u00favanie a do tanca hr\u00e1 kapela Swing Gang <\/strong><\/p>\n<p>Pr\u00edchod do hotela Sebastian sa uskuto\u010dn\u00ed cez n\u00e1dvorie hotela, kde prebehne priv\u00edtanie zo strany hotela, novoman\u017eelsk\u00fd pr\u00edpitok a nejak\u00e9 tie zvyky ;-).<\/p>\n<p>Nasleduje sl\u00e1vnostn\u00fd pr\u00edpitok, ve\u010dera, \u00favodn\u00fd tanec novoman\u017eelov a rodi\u010dovsk\u00fd tanec. U\u017e teraz vopred vyz\u00fdvame svadobn\u00fdch host\u00ed, aby sa pridali a nehanbili sa tancova\u0165.<\/p>\n<p style=\"text-align: center;\"><strong>Svadobn\u00e1 veselica 21:00 &#8211; Ve\u013ek\u00e1 s\u00e1la, hotel Sebastian, Modra &#8211; do tanca a do spevu hr\u00e1 \u013eudov\u00e1 hudba Andreja Z\u00e1horca<\/strong><\/p>\n<p>Pr\u00edchod \u010fal\u0161\u00edch host\u00ed do hotela Sebastian, pri\u010dom bude pokra\u010dova\u0165 bujar\u00e1 z\u00e1bava. Po\u010das programu pros\u00edme svadobn\u00fdch host\u00ed o spolupr\u00e1cu a akt\u00edvne zap\u00e1janie sa.<\/p>\n<p style=\"text-align: center;\"><strong>\u010cep\u010denie a Nevestovsk\u00fd tanec\u00a0 23:00 &#8211; Ve\u013ek\u00e1 s\u00e1la, hotel Sebastian, Modra<\/strong><\/p>\n<p>Svadobn\u00ed hostia, ktor\u00ed sa bud\u00fa chcie\u0165 z\u00fa\u010dastni\u0165 nevestovsk\u00e9ho tanca, bud\u00fa musie\u0165 obetova\u0165 nejak\u00fd ten penia\u017etek za to, \u017ee si bud\u00fa m\u00f4c\u0165 zatancova\u0165 u\u017e s vydatou \u017eenou ;-).<\/p>\n<p style=\"text-align: center;\"><strong>(Po)Vo\u013en\u00e1 z\u00e1bava 00:30 &#8211; Ve\u013ek\u00e1 s\u00e1la, hotel Sebastian, Modra<\/strong><\/p>\n<p>Bujar\u00e1 z\u00e1bava bude pokra\u010dova\u0165 a\u017e do skor\u00fdch rann\u00fdch hod\u00edn.<\/p>\n<p>&nbsp;<\/p>\n<p style=\"text-align: center;\"><strong>Doprava z Bratislavy do Modry a z Modry do Bratislavy bude pre svadobn\u00fdch host\u00ed zabezpe\u010den\u00e1. V pr\u00edpade z\u00e1ujmu sa m\u00f4\u017eete obr\u00e1ti\u0165 na n\u00e1\u0161ho Starej\u0161ieho.<\/strong><\/p>\n<p style=\"text-align: center;\"><strong>Pre v\u0161etk\u00fdch svadobn\u00fdch host\u00ed bude k dispoz\u00edcii aj foto\/video k\u00fatik, tak\u017ee nechajte vo\u013enos\u0165 svojej fant\u00e1zi\u00ed a usmejte sa do objekt\u00edvu ;-).<\/strong><\/p>\n<p style=\"text-align: center;\"><strong>Taktie\u017e V\u00e1s chceme poprosi\u0165, aby ste nezabudli na na\u0161u knihu Host\u00ed a nechali n\u00e1m na pamiatku nejak\u00fd odkaz.<\/strong><\/p>\n","protected":false},"excerpt":{"rendered":"<p>Odobierka 15:00 &#8211; Pre\u0161ov\u0148a, hotel Sebastian, Modra Pri odobierke by mali by\u0165 pr\u00edtomn\u00ed rodi\u010dia nevesty, rodi\u010dia a krstn\u00ed rodi\u010dia \u017een\u00edcha, samozrejme \u017een\u00edch, nevesta a starej\u0161\u00ed. Ostatn\u00ed rodinn\u00ed pr\u00edbuzn\u00ed sa m\u00f4\u017eu z\u00fa\u010dastni\u0165 odobierky s prihliadnut\u00edm na kapacitu miesta ;-). Sob\u00e1\u0161 \u00a016:30 &hellip; <a class=\"more-link\" href=\"http:\/\/www.cplusm.sk\/?page_id=126\">Continue&nbsp;reading&nbsp;<span class=\"meta-nav\">&rarr;<\/span><\/a><\/p>\n","protected":false},"author":1,"featured_media":0,"parent":0,"menu_order":0,"comment_status":"open","ping_status":"open","template":"","meta":[],"_links":{"self":[{"href":"http:\/\/www.cplusm.sk\/index.php?rest_route=\/wp\/v2\/pages\/126"}],"collection":[{"href":"http:\/\/www.cplusm.sk\/index.php?rest_route=\/wp\/v2\/pages"}],"about":[{"href":"http:\/\/www.cplusm.sk\/index.php?rest_route=\/wp\/v2\/types\/page"}],"author":[{"embeddable":true,"href":"http:\/\/www.cplusm.sk\/index.php?rest_route=\/wp\/v2\/users\/1"}],"replies":[{"embeddable":true,"href":"http:\/\/www.cplusm.sk\/index.php?rest_route=%2Fwp%2Fv2%2Fcomments&post=126"}],"version-history":[{"count":3,"href":"http:\/\/www.cplusm.sk\/index.php?rest_route=\/wp\/v2\/pages\/126\/revisions"}],"predecessor-version":[{"id":129,"href":"http:\/\/www.cplusm.sk\/index.php?rest_route=\/wp\/v2\/pages\/126\/revisions\/129"}],"wp:attachment":[{"href":"http:\/\/www.cplusm.sk\/index.php?rest_route=%2Fwp%2Fv2%2Fmedia&parent=126"}],"curies":[{"name":"wp","href":"https:\/\/api.w.org\/{rel}","templated":true}]}}