{"id":30,"date":"2015-03-11T23:19:42","date_gmt":"2015-03-11T22:19:42","guid":{"rendered":"http:\/\/www.cplusm.sk\/?page_id=30"},"modified":"2015-04-10T10:13:38","modified_gmt":"2015-04-10T09:13:38","slug":"svadobne-menu","status":"publish","type":"page","link":"http:\/\/www.cplusm.sk\/?page_id=30","title":{"rendered":"Svadobn\u00e9 Menu"},"content":{"rendered":"<h1 style=\"text-align: center;\"><span style=\"color: #00ccff;\"><strong>Ve\u010dera Trojchodov\u00e1 alebo \u010co len Chcete<\/strong><\/span><\/h1>\n<p>&nbsp;<\/p>\n<p style=\"text-align: center;\"><strong><span style=\"color: #00ccff;\">Svadobn\u00e9 menu si zatia\u013e nech\u00e1me pre seba, aby ste Vy, ktor\u00ed ste pozvan\u00ed na svadobn\u00fa hostinu, \u010di svadobn\u00fa veselicu, mali aj nejak\u00e9 to prekvapenie.\u00a0<\/span><\/strong><strong><span style=\"color: #00ccff;\">Prezrad\u00edme len to, \u017ee ho nesk\u00f4r zverejn\u00edme aj tu na str\u00e1nke, ale u\u017e teraz sa m\u00e1te na \u010do te\u0161i\u0165. <\/span><\/strong><\/p>\n<p style=\"text-align: center;\"><strong><span style=\"color: #00ccff;\">Prajeme V\u00e1m dobr\u00fa chu\u0165 ;-).<\/span><\/strong><\/p>\n<p>&nbsp;<\/p>\n","protected":false},"excerpt":{"rendered":"<p>Ve\u010dera Trojchodov\u00e1 alebo \u010co len Chcete &nbsp; Svadobn\u00e9 menu si zatia\u013e nech\u00e1me pre seba, aby ste Vy, ktor\u00ed ste pozvan\u00ed na svadobn\u00fa hostinu, \u010di svadobn\u00fa veselicu, mali aj nejak\u00e9 to prekvapenie.\u00a0Prezrad\u00edme len to, \u017ee ho nesk\u00f4r zverejn\u00edme aj tu na &hellip; <a class=\"more-link\" href=\"http:\/\/www.cplusm.sk\/?page_id=30\">Continue&nbsp;reading&nbsp;<span class=\"meta-nav\">&rarr;<\/span><\/a><\/p>\n","protected":false},"author":1,"featured_media":0,"parent":0,"menu_order":0,"comment_status":"open","ping_status":"open","template":"","meta":[],"_links":{"self":[{"href":"http:\/\/www.cplusm.sk\/index.php?rest_route=\/wp\/v2\/pages\/30"}],"collection":[{"href":"http:\/\/www.cplusm.sk\/index.php?rest_route=\/wp\/v2\/pages"}],"about":[{"href":"http:\/\/www.cplusm.sk\/index.php?rest_route=\/wp\/v2\/types\/page"}],"author":[{"embeddable":true,"href":"http:\/\/www.cplusm.sk\/index.php?rest_route=\/wp\/v2\/users\/1"}],"replies":[{"embeddable":true,"href":"http:\/\/www.cplusm.sk\/index.php?rest_route=%2Fwp%2Fv2%2Fcomments&post=30"}],"version-history":[{"count":4,"href":"http:\/\/www.cplusm.sk\/index.php?rest_route=\/wp\/v2\/pages\/30\/revisions"}],"predecessor-version":[{"id":87,"href":"http:\/\/www.cplusm.sk\/index.php?rest_route=\/wp\/v2\/pages\/30\/revisions\/87"}],"wp:attachment":[{"href":"http:\/\/www.cplusm.sk\/index.php?rest_route=%2Fwp%2Fv2%2Fmedia&parent=30"}],"curies":[{"name":"wp","href":"https:\/\/api.w.org\/{rel}","templated":true}]}}